{"id":63,"date":"2022-04-26T16:05:53","date_gmt":"2022-04-26T19:05:53","guid":{"rendered":"https:\/\/zeromorte.org.br\/?page_id=63"},"modified":"2022-04-26T16:43:48","modified_gmt":"2022-04-26T19:43:48","slug":"aereo","status":"publish","type":"page","link":"https:\/\/zeromorte.org.br\/index.php\/aereo\/","title":{"rendered":"A\u00e9reo"},"content":{"rendered":"<p><div class=\"fusion-bg-parallax\" data-bg-align=\"center center\" data-direction=\"up\" data-mute=\"false\" data-opacity=\"100\" data-velocity=\"-0.5\" data-mobile-enabled=\"false\" data-break_parents=\"0\" data-bg-image=\"https:\/\/zeromorte.org.br\/wp-content\/uploads\/2022\/03\/bg-zero.jpg\" data-bg-repeat=\"false\" ><\/div><div class=\"fusion-fullwidth fullwidth-box fusion-builder-row-1 fusion-flex-container fusion-parallax-up nonhundred-percent-fullwidth non-hundred-percent-height-scrolling\" style=\"--awb-border-radius-top-left:0px;--awb-border-radius-top-right:0px;--awb-border-radius-bottom-right:0px;--awb-border-radius-bottom-left:0px;--awb-padding-top:60px;--awb-padding-bottom:30px;--awb-background-image:url(&quot;https:\/\/zeromorte.org.br\/wp-content\/uploads\/2022\/03\/bg-zero.jpg&quot;);--awb-background-size:cover;--awb-flex-wrap:wrap;\" ><div class=\"fusion-builder-row fusion-row fusion-flex-align-items-flex-start fusion-flex-content-wrap\" style=\"max-width:1248px;margin-left: calc(-4% \/ 2 );margin-right: calc(-4% \/ 2 );\"><div class=\"fusion-layout-column fusion_builder_column fusion-builder-column-0 fusion_builder_column_1_1 1_1 fusion-flex-column\" style=\"--awb-bg-size:cover;--awb-width-large:100%;--awb-margin-top-large:0px;--awb-spacing-right-large:1.92%;--awb-margin-bottom-large:20px;--awb-spacing-left-large:1.92%;--awb-width-medium:100%;--awb-order-medium:0;--awb-spacing-right-medium:1.92%;--awb-spacing-left-medium:1.92%;--awb-width-small:100%;--awb-order-small:0;--awb-spacing-right-small:1.92%;--awb-spacing-left-small:1.92%;\"><div class=\"fusion-column-wrapper fusion-column-has-shadow fusion-flex-justify-content-flex-start fusion-content-layout-column\"><div class=\"fusion-title title fusion-title-1 fusion-sep-none fusion-title-center fusion-title-text fusion-title-size-three\" style=\"--awb-text-color:#ffffff;--awb-margin-top-small:10px;--awb-margin-right-small:0px;--awb-margin-bottom-small:10px;--awb-margin-left-small:0px;\"><h3 class=\"fusion-title-heading title-heading-center\" style=\"margin:0;\">NOSSA META \u00c9 <strong>ZERO MORTE\u00a0<\/strong>EM TODOS OS MODOS DE TRANSPORTE, AT\u00c9 2038.<\/h3><\/div><\/div><\/div><\/div><\/div><div class=\"fusion-fullwidth fullwidth-box fusion-builder-row-2 fusion-flex-container nonhundred-percent-fullwidth non-hundred-percent-height-scrolling\" style=\"--awb-border-radius-top-left:0px;--awb-border-radius-top-right:0px;--awb-border-radius-bottom-right:0px;--awb-border-radius-bottom-left:0px;--awb-flex-wrap:wrap;\" ><div class=\"fusion-builder-row fusion-row fusion-flex-align-items-flex-start fusion-flex-content-wrap\" style=\"max-width:1248px;margin-left: calc(-4% \/ 2 );margin-right: calc(-4% \/ 2 );\"><div class=\"fusion-layout-column fusion_builder_column fusion-builder-column-1 fusion_builder_column_1_1 1_1 fusion-flex-column\" style=\"--awb-bg-size:cover;--awb-width-large:100%;--awb-margin-top-large:0px;--awb-spacing-right-large:1.92%;--awb-margin-bottom-large:20px;--awb-spacing-left-large:1.92%;--awb-width-medium:100%;--awb-order-medium:0;--awb-spacing-right-medium:1.92%;--awb-spacing-left-medium:1.92%;--awb-width-small:100%;--awb-order-small:0;--awb-spacing-right-small:1.92%;--awb-spacing-left-small:1.92%;\"><div class=\"fusion-column-wrapper fusion-column-has-shadow fusion-flex-justify-content-flex-start fusion-content-layout-column\"><div class=\"fusion-title title fusion-title-2 fusion-sep-none fusion-title-center fusion-title-text fusion-title-size-two\" style=\"--awb-margin-top:40px;--awb-margin-top-small:10px;--awb-margin-right-small:0px;--awb-margin-bottom-small:10px;--awb-margin-left-small:0px;\"><h2 class=\"fusion-title-heading title-heading-center\" style=\"margin:0;\">A\u00c9REO<\/h2><\/div><div class=\"fusion-text fusion-text-1\" style=\"--awb-text-transform:none;\"><h4 style=\"text-align: center;\">No segmento A\u00e9reo concentrar\u00e1 suas atividades nas \u00e1reas de treinamento e consultoria com \u00eanfase em Estrat\u00e9gia Corporativa, Tecnologia e solu\u00e7\u00f5es Seguran\u00e7a para Avia\u00e7\u00e3o Civil.<br \/>\nAtuar\u00e1 em conjunto com um grupo de consultores associados, ampliando seu universo de conhecimento, sem, no entanto, perder o foco nas suas \u00e1reas b\u00e1sicas de compet\u00eancia.<\/h4>\n<\/div><\/div><\/div><div class=\"fusion-layout-column fusion_builder_column fusion-builder-column-2 fusion_builder_column_1_3 1_3 fusion-flex-column fusion-flex-align-self-center\" style=\"--awb-bg-size:cover;--awb-width-large:33.3333333333%;--awb-margin-top-large:0px;--awb-spacing-right-large:5.76%;--awb-margin-bottom-large:20px;--awb-spacing-left-large:5.76%;--awb-width-medium:33.3333333333%;--awb-order-medium:0;--awb-spacing-right-medium:5.76%;--awb-spacing-left-medium:5.76%;--awb-width-small:100%;--awb-order-small:0;--awb-spacing-right-small:1.92%;--awb-spacing-left-small:1.92%;\"><div class=\"fusion-column-wrapper fusion-column-has-shadow fusion-flex-justify-content-center fusion-content-layout-column\"><div class=\"fusion-text fusion-text-2\" style=\"--awb-text-transform:none;\"><h2>Pilares b\u00e1sicos de atua\u00e7\u00e3o de nossas atividades.<\/h2>\n<\/div><\/div><\/div><div class=\"fusion-layout-column fusion_builder_column fusion-builder-column-3 fusion_builder_column_2_3 2_3 fusion-flex-column fusion-flex-align-self-center\" style=\"--awb-bg-size:cover;--awb-width-large:66.6666666667%;--awb-margin-top-large:0px;--awb-spacing-right-large:2.88%;--awb-margin-bottom-large:20px;--awb-spacing-left-large:2.88%;--awb-width-medium:66.6666666667%;--awb-order-medium:0;--awb-spacing-right-medium:2.88%;--awb-spacing-left-medium:2.88%;--awb-width-small:100%;--awb-order-small:0;--awb-spacing-right-small:1.92%;--awb-spacing-left-small:1.92%;\"><div class=\"fusion-column-wrapper fusion-column-has-shadow fusion-flex-justify-content-center fusion-content-layout-column\"><div class=\"fusion-image-element \" style=\"text-align:center;--awb-caption-title-font-family:var(--h2_typography-font-family);--awb-caption-title-font-weight:var(--h2_typography-font-weight);--awb-caption-title-font-style:var(--h2_typography-font-style);--awb-caption-title-size:var(--h2_typography-font-size);--awb-caption-title-transform:var(--h2_typography-text-transform);--awb-caption-title-line-height:var(--h2_typography-line-height);--awb-caption-title-letter-spacing:var(--h2_typography-letter-spacing);\"><span class=\" fusion-imageframe imageframe-none imageframe-1 hover-type-none\"><img decoding=\"async\" width=\"700\" height=\"700\" title=\"pilares-aereo\" src=\"https:\/\/zeromorte.org.br\/wp-content\/uploads\/2022\/04\/pilares-aereo.jpg\" alt class=\"img-responsive wp-image-65\" srcset=\"https:\/\/zeromorte.org.br\/wp-content\/uploads\/2022\/04\/pilares-aereo-200x200.jpg 200w, https:\/\/zeromorte.org.br\/wp-content\/uploads\/2022\/04\/pilares-aereo-400x400.jpg 400w, https:\/\/zeromorte.org.br\/wp-content\/uploads\/2022\/04\/pilares-aereo-600x600.jpg 600w, https:\/\/zeromorte.org.br\/wp-content\/uploads\/2022\/04\/pilares-aereo.jpg 700w\" sizes=\"(max-width: 640px) 100vw, 700px\" \/><\/span><\/div><\/div><\/div><\/div><\/div><div class=\"fusion-fullwidth fullwidth-box fusion-builder-row-3 fusion-flex-container hundred-percent-fullwidth non-hundred-percent-height-scrolling\" style=\"--awb-border-radius-top-left:0px;--awb-border-radius-top-right:0px;--awb-border-radius-bottom-right:0px;--awb-border-radius-bottom-left:0px;--awb-flex-wrap:wrap;\" ><div class=\"fusion-builder-row fusion-row fusion-flex-align-items-flex-start fusion-flex-content-wrap\" style=\"width:104% !important;max-width:104% !important;margin-left: calc(-4% \/ 2 );margin-right: calc(-4% \/ 2 );\"><div class=\"fusion-layout-column fusion_builder_column fusion-builder-column-4 fusion_builder_column_1_1 1_1 fusion-flex-column\" style=\"--awb-bg-size:cover;--awb-width-large:100%;--awb-margin-top-large:0px;--awb-spacing-right-large:1.92%;--awb-margin-bottom-large:20px;--awb-spacing-left-large:1.92%;--awb-width-medium:100%;--awb-order-medium:0;--awb-spacing-right-medium:1.92%;--awb-spacing-left-medium:1.92%;--awb-width-small:100%;--awb-order-small:0;--awb-spacing-right-small:1.92%;--awb-spacing-left-small:1.92%;\"><div class=\"fusion-column-wrapper fusion-column-has-shadow fusion-flex-justify-content-flex-start fusion-content-layout-column\"><div class=\"fusion-flip-boxes flip-boxes row fusion-columns-3 fusion-no-small-visibility fusion-no-medium-visibility flip-effect-classic equal-heights\"><div class=\"fusion-flip-box-wrapper fusion-column col-lg-4 col-md-4 col-sm-4\"><div class=\"fusion-flip-box flip-right\" tabindex=\"0\"><div class=\"flip-box-inner-wrapper\"><div class=\"flip-box-front\" style=\"--awb-border-color:#1a3393;--awb-border-size:3px;--awb-border-radius:10px;--awb-background-color-front:#1a3393;--awb-text-front-color:#efefef;\"><div class=\"flip-box-front-inner\"><h2 class=\"flip-box-heading\">Gest\u00e3o do Planejamento e A\u00e7\u00f5es para a Seguran\u00e7a A\u00e9rea<\/h2>Leia mais<\/div><\/div><div class=\"flip-box-back\" style=\"--awb-border-color:#1a3393;--awb-border-size:3px;--awb-border-radius:10px;--awb-background-color-back:#ffffff;--awb-title-back-color:#1a3393;--awb-text-back-color:#686868;\"><div class=\"flip-box-back-inner\">\n<div class=\"O0\" style=\"text-align: center;\">a) Coleta e\u00a0 tratamento dos fatores relacionados aos sinistros e quase sinistros (incidentes) ocorridos para propor a\u00e7\u00f5es mitigadoras;<\/div>\n<div class=\"O0\" style=\"text-align: center;\">b) Implanta\u00e7\u00e3o de ferramenta por aero rotas com um indicador \u00fanico para definir os trechos de maior criticidade, e\/ou os de maior possibilidade de implanta\u00e7\u00e3o do maior n\u00famero de a\u00e7\u00f5es dentro dos or\u00e7amentos disponibilizados; e<\/div>\n<div class=\"O0\" style=\"text-align: center;\">c) Estudo da viabilidade de implanta\u00e7\u00e3o de ferramentas de mitiga\u00e7\u00e3o dos fatores de risco a partir das Centrais de Controle e Opera\u00e7\u00e3o atuando preditivamente na redu\u00e7\u00e3o da gravidade ou na anula\u00e7\u00e3o das chances de acidentes.<\/div>\n<\/div><\/div><\/div><\/div><\/div><div class=\"fusion-flip-box-wrapper fusion-column col-lg-4 col-md-4 col-sm-4\"><div class=\"fusion-flip-box flip-right\" tabindex=\"0\"><div class=\"flip-box-inner-wrapper\"><div class=\"flip-box-front\" style=\"--awb-border-color:#1a3393;--awb-border-size:3px;--awb-border-radius:10px;--awb-background-color-front:#1a3393;--awb-text-front-color:#efefef;\"><div class=\"flip-box-front-inner\"><h2 class=\"flip-box-heading\">Aerovias Seguras; Controle de Tr\u00e1fego e Infraestrutura<\/h2>Leia mais<\/div><\/div><div class=\"flip-box-back\" style=\"--awb-border-color:#1a3393;--awb-border-size:3px;--awb-border-radius:10px;--awb-background-color-back:#ffffff;--awb-title-back-color:#1a3393;--awb-text-back-color:#686868;\"><div class=\"flip-box-back-inner\">\n<div class=\"O0\" style=\"text-align: center;\">a) Atuar corretiva e preventivamente nos trechos e destinos de maiores vulnerabilidades ou riscos sugerindo interven\u00e7\u00f5es de engenharia de trafego que anulem essas situa\u00e7\u00f5es:<\/div>\n<div><\/div>\n<div class=\"O1\" style=\"text-align: center;\">1. Garantindo uma maior prote\u00e7\u00e3o a \u201cobst\u00e1culos a\u00e9reos\u201d (drones, bal\u00f5es, dirig\u00edveis, proj\u00e9teis, aves etc.); e<\/div>\n<div class=\"O1\" style=\"text-align: center;\">2. Maior aten\u00e7\u00e3o aos moradores locais que habitam nos trechos, pr\u00f3ximos aos aeroportos e campos de pouso, al\u00e9m da implementa\u00e7\u00e3o de um amplo trabalho de sua conscientiza\u00e7\u00e3o sobre os riscos associados \u00e0 opera\u00e7\u00e3o de aeronaves.<\/div>\n<div><\/div>\n<div class=\"O0\" style=\"text-align: center;\">b) A\u00e7\u00f5es de Infraestrutura (sinaliza\u00e7\u00e3o horizontal e vertical) e Engenharia (altera\u00e7\u00f5es no tra\u00e7ado, cria\u00e7\u00e3o de \u00e1reas de escape, acostamento, absorvedores de impacto, dentre outros) nas pistas e campos de pouso considerados de maior vulnerabilidade e risco (a ser sugerida pelos indicadores).<\/div>\n<\/div><\/div><\/div><\/div><\/div><div class=\"fusion-flip-box-wrapper fusion-column col-lg-4 col-md-4 col-sm-4\"><div class=\"fusion-flip-box flip-right\" tabindex=\"0\"><div class=\"flip-box-inner-wrapper\"><div class=\"flip-box-front\" style=\"--awb-border-color:#1a3393;--awb-border-size:3px;--awb-border-radius:10px;--awb-background-color-front:#1a3393;--awb-text-front-color:#efefef;\"><div class=\"flip-box-front-inner\"><h2 class=\"flip-box-heading\">Seguran\u00e7a \/ Aeronaves Seguras<\/h2>Leia mais<\/div><\/div><div class=\"flip-box-back\" style=\"--awb-border-color:#1a3393;--awb-border-size:3px;--awb-border-radius:10px;--awb-background-color-back:#ffffff;--awb-title-back-color:#1a3393;--awb-text-back-color:#686868;\"><div class=\"flip-box-back-inner\">\n<p style=\"text-align: center;\"><em><strong>A ser discutida com os setores t\u00e9cnicos, fabricantes e empresas de avia\u00e7\u00e3o.<\/strong><\/em><\/p>\n<\/div><\/div><\/div><\/div><\/div><div class=\"fusion-flip-box-wrapper fusion-column col-lg-4 col-md-4 col-sm-4\"><div class=\"fusion-flip-box flip-right\" tabindex=\"0\"><div class=\"flip-box-inner-wrapper\"><div class=\"flip-box-front\" style=\"--awb-border-color:#1a3393;--awb-border-size:3px;--awb-border-radius:10px;--awb-background-color-front:#1a3393;--awb-text-front-color:#efefef;\"><div class=\"flip-box-front-inner\"><h2 class=\"flip-box-heading\">Educa\u00e7\u00e3o e Capacita\u00e7\u00e3o para os Riscos de Acidentes A\u00e9reos<\/h2>Leia mais<\/div><\/div><div class=\"flip-box-back\" style=\"--awb-border-color:#1a3393;--awb-border-size:3px;--awb-border-radius:10px;--awb-background-color-back:#ffffff;--awb-title-back-color:#1a3393;--awb-text-back-color:#686868;\"><div class=\"flip-box-back-inner\">\n<div class=\"O0\" style=\"text-align: center;\">a) Programa de conscientiza\u00e7\u00e3o para a seguran\u00e7a da avia\u00e7\u00e3o aplicado nas escolas de primeiro, segundo e terceiro grau com o envolvimento de alunos, colaboradores, pais e respons\u00e1veis;<\/div>\n<div class=\"O0\" style=\"text-align: center;\">b) Planejar e implantar programas de vistas a museus a\u00e9reos, aeroportos, campos de pouso nas cidades lim\u00edtrofes.<\/div>\n<\/div><\/div><\/div><\/div><\/div><div class=\"fusion-flip-box-wrapper fusion-column col-lg-4 col-md-4 col-sm-4\"><div class=\"fusion-flip-box flip-right\" tabindex=\"0\"><div class=\"flip-box-inner-wrapper\"><div class=\"flip-box-front\" style=\"--awb-border-color:#1a3393;--awb-border-size:3px;--awb-border-radius:10px;--awb-background-color-front:#1a3393;--awb-text-front-color:#efefef;\"><div class=\"flip-box-front-inner\"><h2 class=\"flip-box-heading\">Atendimentos de V\u00edtimas \/ Resposta P\u00f3s-Acidentes<\/h2>Leia mais<\/div><\/div><div class=\"flip-box-back\" style=\"--awb-border-color:#1a3393;--awb-border-size:3px;--awb-border-radius:10px;--awb-background-color-back:#ffffff;--awb-title-back-color:#1a3393;--awb-text-back-color:#686868;\"><div class=\"flip-box-back-inner\">\n<p style=\"text-align: center;\">\u00a0Desenvolver com os munic\u00edpios lim\u00edtrofes aos aeroportos e campos de pouso, sistemas de resposta organizada e coordenada entre as diferentes \u00e1reas de especialidade da seguran\u00e7a como por exemplo:<\/p>\n<div class=\"O0\" style=\"text-align: center;\">\u00b7 Sa\u00fade \u2013 capacita\u00e7\u00e3o das unidades de sa\u00fade com recursos adequados ao atendimento dos traumas mais comuns nas v\u00edtimas de sinistros ocorridos em acidentes e incidentes a\u00e9reos;<\/div>\n<div class=\"O0\" style=\"text-align: center;\">\u00b7 Defesa Civil e Corpo de Bombeiros \u2013 garantia dos equipamentos adequados para o atendimento das emerg\u00eancias mais comuns que requeiram esta interven\u00e7\u00e3o como por exemplo sinistros envolvendo acidentes a\u00e9reos;<\/div>\n<div class=\"O0\" style=\"text-align: center;\">\u00b7 Seguran\u00e7a P\u00fablica \u2013 Estabelecimento de canais imediatos de comunica\u00e7\u00e3o que permitam a harmonia das a\u00e7\u00f5es policiais dentro ou fora dos limites do acidente;<\/div>\n<\/div><\/div><\/div><\/div><\/div><div class=\"fusion-flip-box-wrapper fusion-column col-lg-4 col-md-4 col-sm-4\"><div class=\"fusion-flip-box flip-right\" tabindex=\"0\"><div class=\"flip-box-inner-wrapper\"><div class=\"flip-box-front\" style=\"--awb-border-color:#1a3393;--awb-border-size:3px;--awb-border-radius:10px;--awb-background-color-front:#1a3393;--awb-text-front-color:#efefef;\"><div class=\"flip-box-front-inner\"><h2 class=\"flip-box-heading\">Esfor\u00e7o Legal e Fiscaliza\u00e7\u00e3o<\/h2>Leia mais<\/div><\/div><div class=\"flip-box-back\" style=\"--awb-border-color:#1a3393;--awb-border-size:3px;--awb-border-radius:10px;--awb-background-color-back:#ffffff;--awb-title-back-color:#1a3393;--awb-text-back-color:#686868;\"><div class=\"flip-box-back-inner\">\n<p style=\"text-align: center;\"><em><strong>A ser discutida com os setores de regulamenta\u00e7\u00e3o das atividades de avia\u00e7\u00e3o civil.<\/strong><\/em><\/p>\n<\/div><\/div><\/div><\/div><\/div><\/div><div class=\"fusion-flip-boxes flip-boxes row fusion-columns-1 fusion-no-large-visibility flip-effect-classic\"><div class=\"fusion-flip-box-wrapper fusion-column col-lg-12 col-md-12 col-sm-12\"><div class=\"fusion-flip-box flip-right\" tabindex=\"0\"><div class=\"flip-box-inner-wrapper\"><div class=\"flip-box-front\" style=\"--awb-border-color:#1a3393;--awb-border-size:3px;--awb-border-radius:10px;--awb-background-color-front:#1a3393;--awb-text-front-color:#efefef;\"><div class=\"flip-box-front-inner\"><h2 class=\"flip-box-heading\">Gest\u00e3o do Planejamento e A\u00e7\u00f5es para a Seguran\u00e7a A\u00e9rea<\/h2>Leia mais<\/div><\/div><div class=\"flip-box-back\" style=\"--awb-border-color:#1a3393;--awb-border-size:3px;--awb-border-radius:10px;--awb-background-color-back:#ffffff;--awb-title-back-color:#1a3393;--awb-text-back-color:#686868;\"><div class=\"flip-box-back-inner\">\n<div class=\"O0\" style=\"text-align: center;\">a) Coleta e\u00a0 tratamento dos fatores relacionados aos sinistros e quase sinistros (incidentes) ocorridos para propor a\u00e7\u00f5es mitigadoras;<\/div>\n<div class=\"O0\" style=\"text-align: center;\">b) Implanta\u00e7\u00e3o de ferramenta por aero rotas com um indicador \u00fanico para definir os trechos de maior criticidade, e\/ou os de maior possibilidade de implanta\u00e7\u00e3o do maior n\u00famero de a\u00e7\u00f5es dentro dos or\u00e7amentos disponibilizados; e<\/div>\n<div class=\"O0\" style=\"text-align: center;\">c) Estudo da viabilidade de implanta\u00e7\u00e3o de ferramentas de mitiga\u00e7\u00e3o dos fatores de risco a partir das Centrais de Controle e Opera\u00e7\u00e3o atuando preditivamente na redu\u00e7\u00e3o da gravidade ou na anula\u00e7\u00e3o das chances de acidentes.<\/div>\n<\/div><\/div><\/div><\/div><\/div><div class=\"fusion-flip-box-wrapper fusion-column col-lg-12 col-md-12 col-sm-12\"><div class=\"fusion-flip-box flip-right\" tabindex=\"0\"><div class=\"flip-box-inner-wrapper\"><div class=\"flip-box-front\" style=\"--awb-border-color:#1a3393;--awb-border-size:3px;--awb-border-radius:10px;--awb-background-color-front:#1a3393;--awb-text-front-color:#efefef;\"><div class=\"flip-box-front-inner\"><h2 class=\"flip-box-heading\">Aerovias Seguras; Controle de Tr\u00e1fego e Infraestrutura<\/h2>Leia mais<\/div><\/div><div class=\"flip-box-back\" style=\"--awb-border-color:#1a3393;--awb-border-size:3px;--awb-border-radius:10px;--awb-background-color-back:#ffffff;--awb-title-back-color:#1a3393;--awb-text-back-color:#686868;\"><div class=\"flip-box-back-inner\">\n<div class=\"O0\" style=\"text-align: center;\">a) Atuar corretiva e preventivamente nos trechos e destinos de maiores vulnerabilidades ou riscos sugerindo interven\u00e7\u00f5es de engenharia de trafego que anulem essas situa\u00e7\u00f5es:<\/div>\n<div><\/div>\n<div class=\"O1\" style=\"text-align: center;\">1. Garantindo uma maior prote\u00e7\u00e3o a \u201cobst\u00e1culos a\u00e9reos\u201d (drones, bal\u00f5es, dirig\u00edveis, proj\u00e9teis, aves etc.); e<\/div>\n<div class=\"O1\" style=\"text-align: center;\">2. Maior aten\u00e7\u00e3o aos moradores locais que habitam nos trechos, pr\u00f3ximos aos aeroportos e campos de pouso, al\u00e9m da implementa\u00e7\u00e3o de um amplo trabalho de sua conscientiza\u00e7\u00e3o sobre os riscos associados \u00e0 opera\u00e7\u00e3o de aeronaves.<\/div>\n<div><\/div>\n<div class=\"O0\" style=\"text-align: center;\">b) A\u00e7\u00f5es de Infraestrutura (sinaliza\u00e7\u00e3o horizontal e vertical) e Engenharia (altera\u00e7\u00f5es no tra\u00e7ado, cria\u00e7\u00e3o de \u00e1reas de escape, acostamento, absorvedores de impacto, dentre outros) nas pistas e campos de pouso considerados de maior vulnerabilidade e risco (a ser sugerida pelos indicadores).<\/div>\n<\/div><\/div><\/div><\/div><\/div><div class=\"fusion-flip-box-wrapper fusion-column col-lg-12 col-md-12 col-sm-12\"><div class=\"fusion-flip-box flip-right\" tabindex=\"0\"><div class=\"flip-box-inner-wrapper\"><div class=\"flip-box-front\" style=\"--awb-border-color:#1a3393;--awb-border-size:3px;--awb-border-radius:10px;--awb-background-color-front:#1a3393;--awb-text-front-color:#efefef;\"><div class=\"flip-box-front-inner\"><h2 class=\"flip-box-heading\">Seguran\u00e7a \/ Aeronaves Seguras<\/h2>Leia mais<\/div><\/div><div class=\"flip-box-back\" style=\"--awb-border-color:#1a3393;--awb-border-size:3px;--awb-border-radius:10px;--awb-background-color-back:#ffffff;--awb-title-back-color:#1a3393;--awb-text-back-color:#686868;\"><div class=\"flip-box-back-inner\">\n<p style=\"text-align: center;\"><em><strong>A ser discutida com os setores t\u00e9cnicos, fabricantes e empresas de avia\u00e7\u00e3o.<\/strong><\/em><\/p>\n<\/div><\/div><\/div><\/div><\/div><div class=\"fusion-flip-box-wrapper fusion-column col-lg-12 col-md-12 col-sm-12\"><div class=\"fusion-flip-box flip-right\" tabindex=\"0\"><div class=\"flip-box-inner-wrapper\"><div class=\"flip-box-front\" style=\"--awb-border-color:#1a3393;--awb-border-size:3px;--awb-border-radius:10px;--awb-background-color-front:#1a3393;--awb-text-front-color:#efefef;\"><div class=\"flip-box-front-inner\"><h2 class=\"flip-box-heading\">Educa\u00e7\u00e3o e Capacita\u00e7\u00e3o para os Riscos de Acidentes A\u00e9reos<\/h2>Leia mais<\/div><\/div><div class=\"flip-box-back\" style=\"--awb-border-color:#1a3393;--awb-border-size:3px;--awb-border-radius:10px;--awb-background-color-back:#ffffff;--awb-title-back-color:#1a3393;--awb-text-back-color:#686868;\"><div class=\"flip-box-back-inner\">\n<div class=\"O0\" style=\"text-align: center;\">a) Programa de conscientiza\u00e7\u00e3o para a seguran\u00e7a da avia\u00e7\u00e3o aplicado nas escolas de primeiro, segundo e terceiro grau com o envolvimento de alunos, colaboradores, pais e respons\u00e1veis;<\/div>\n<div class=\"O0\" style=\"text-align: center;\">b) Planejar e implantar programas de vistas a museus a\u00e9reos, aeroportos, campos de pouso nas cidades lim\u00edtrofes.<\/div>\n<\/div><\/div><\/div><\/div><\/div><div class=\"fusion-flip-box-wrapper fusion-column col-lg-12 col-md-12 col-sm-12\"><div class=\"fusion-flip-box flip-right\" tabindex=\"0\"><div class=\"flip-box-inner-wrapper\"><div class=\"flip-box-front\" style=\"--awb-border-color:#1a3393;--awb-border-size:3px;--awb-border-radius:10px;--awb-background-color-front:#1a3393;--awb-text-front-color:#efefef;\"><div class=\"flip-box-front-inner\"><h2 class=\"flip-box-heading\">Atendimentos de V\u00edtimas \/ Resposta P\u00f3s-Acidentes<\/h2>Leia mais<\/div><\/div><div class=\"flip-box-back\" style=\"--awb-border-color:#1a3393;--awb-border-size:3px;--awb-border-radius:10px;--awb-background-color-back:#ffffff;--awb-title-back-color:#1a3393;--awb-text-back-color:#686868;\"><div class=\"flip-box-back-inner\">\n<p style=\"text-align: center;\">\u00a0Desenvolver com os munic\u00edpios lim\u00edtrofes aos aeroportos e campos de pouso, sistemas de resposta organizada e coordenada entre as diferentes \u00e1reas de especialidade da seguran\u00e7a como por exemplo:<\/p>\n<div class=\"O0\" style=\"text-align: center;\">\u00b7 Sa\u00fade \u2013 capacita\u00e7\u00e3o das unidades de sa\u00fade com recursos adequados ao atendimento dos traumas mais comuns nas v\u00edtimas de sinistros ocorridos em acidentes e incidentes a\u00e9reos;<\/div>\n<div class=\"O0\" style=\"text-align: center;\">\u00b7 Defesa Civil e Corpo de Bombeiros \u2013 garantia dos equipamentos adequados para o atendimento das emerg\u00eancias mais comuns que requeiram esta interven\u00e7\u00e3o como por exemplo sinistros envolvendo acidentes a\u00e9reos;<\/div>\n<div class=\"O0\" style=\"text-align: center;\">\u00b7 Seguran\u00e7a P\u00fablica \u2013 Estabelecimento de canais imediatos de comunica\u00e7\u00e3o que permitam a harmonia das a\u00e7\u00f5es policiais dentro ou fora dos limites do acidente;<\/div>\n<\/div><\/div><\/div><\/div><\/div><div class=\"fusion-flip-box-wrapper fusion-column col-lg-12 col-md-12 col-sm-12\"><div class=\"fusion-flip-box flip-right\" tabindex=\"0\"><div class=\"flip-box-inner-wrapper\"><div class=\"flip-box-front\" style=\"--awb-border-color:#1a3393;--awb-border-size:3px;--awb-border-radius:10px;--awb-background-color-front:#1a3393;--awb-text-front-color:#efefef;\"><div class=\"flip-box-front-inner\"><h2 class=\"flip-box-heading\">Esfor\u00e7o Legal e Fiscaliza\u00e7\u00e3o<\/h2>Leia mais<\/div><\/div><div class=\"flip-box-back\" style=\"--awb-border-color:#1a3393;--awb-border-size:3px;--awb-border-radius:10px;--awb-background-color-back:#ffffff;--awb-title-back-color:#1a3393;--awb-text-back-color:#686868;\"><div class=\"flip-box-back-inner\">\n<p style=\"text-align: center;\"><em><strong>A ser discutida com os setores de regulamenta\u00e7\u00e3o das atividades de avia\u00e7\u00e3o civil.<\/strong><\/em><\/p>\n<\/div><\/div><\/div><\/div><\/div><\/div><\/div><\/div><\/div><\/div><\/p>\n","protected":false},"excerpt":{"rendered":"","protected":false},"author":1,"featured_media":0,"parent":0,"menu_order":0,"comment_status":"closed","ping_status":"closed","template":"100-width.php","meta":{"footnotes":""},"class_list":["post-63","page","type-page","status-publish","hentry"],"_links":{"self":[{"href":"https:\/\/zeromorte.org.br\/index.php\/wp-json\/wp\/v2\/pages\/63","targetHints":{"allow":["GET"]}}],"collection":[{"href":"https:\/\/zeromorte.org.br\/index.php\/wp-json\/wp\/v2\/pages"}],"about":[{"href":"https:\/\/zeromorte.org.br\/index.php\/wp-json\/wp\/v2\/types\/page"}],"author":[{"embeddable":true,"href":"https:\/\/zeromorte.org.br\/index.php\/wp-json\/wp\/v2\/users\/1"}],"replies":[{"embeddable":true,"href":"https:\/\/zeromorte.org.br\/index.php\/wp-json\/wp\/v2\/comments?post=63"}],"version-history":[{"count":2,"href":"https:\/\/zeromorte.org.br\/index.php\/wp-json\/wp\/v2\/pages\/63\/revisions"}],"predecessor-version":[{"id":66,"href":"https:\/\/zeromorte.org.br\/index.php\/wp-json\/wp\/v2\/pages\/63\/revisions\/66"}],"wp:attachment":[{"href":"https:\/\/zeromorte.org.br\/index.php\/wp-json\/wp\/v2\/media?parent=63"}],"curies":[{"name":"wp","href":"https:\/\/api.w.org\/{rel}","templated":true}]}}